{"id":16497,"date":"2025-09-01T14:10:54","date_gmt":"2025-09-01T14:10:54","guid":{"rendered":"https:\/\/bailha.pt\/?post_type=product&#038;p=16497"},"modified":"2026-02-24T14:34:40","modified_gmt":"2026-02-24T14:34:40","slug":"workshop-madeira-embrodiery-vilhoes","status":"publish","type":"product","link":"https:\/\/bailha.pt\/en\/product\/workshop-madeira-embrodiery-vilhoes\/","title":{"rendered":"Madeira Embroidery Workshop &#8211; &#8220;Vilh\u00f5es&#8221;"},"content":{"rendered":"\t\t<div data-elementor-type=\"product-post\" data-elementor-id=\"16497\" class=\"elementor elementor-16497 elementor-16496\" data-elementor-post-type=\"product\">\n\t\t\t\t\t\t<section class=\"elementor-section elementor-top-section elementor-element elementor-element-78b96c8d elementor-section-boxed elementor-section-height-default elementor-section-height-default\" data-id=\"78b96c8d\" data-element_type=\"section\">\n\t\t\t\t\t\t<div class=\"elementor-container elementor-column-gap-default\">\n\t\t\t\t\t<div class=\"elementor-column elementor-col-100 elementor-top-column elementor-element elementor-element-5715568f\" data-id=\"5715568f\" data-element_type=\"column\">\n\t\t\t<div class=\"elementor-widget-wrap elementor-element-populated\">\n\t\t\t\t\t\t<div class=\"elementor-element elementor-element-1059f354 elementor-widget elementor-widget-text-editor\" data-id=\"1059f354\" data-element_type=\"widget\" data-widget_type=\"text-editor.default\">\n\t\t\t\t<div class=\"elementor-widget-container\">\n\t\t\t\t\t\t\t\t\t<p><strong> <\/strong><\/p>\n<p><strong>TUTORS:<\/strong><\/p>\n<p>DAVID OLIVEIRA (COORDINATION)<\/p>\n<p>MARIANA FERNANDES (COORDINATION)<\/p>\n<p>HELENA DA SILVA (EMBROIDERY)<\/p>\n<p>SARA FARIA (EMBROIDERY)<\/p>\n<p>DORINA PITA (EMBROIDERY)<\/p>\n<p><strong>MADEIRA EMBROIDERY WORKSHOP<\/strong><\/p>\n<p>10H &#8211; 13H <\/p>\n<p>&#8211; DEVELOPMENT OF EMBROIDERY EXERCISES GUIDED BY EMBROIDERERS <\/p>\n<p>&#8211; LEARNING BASIC AND ADVANCED STITCHES AND TECHNIQUES (PONTO CORDA, GARANITO, MATIZ, ILH\u00d3, CASEADO, CORD\u00c3O, RECHELIEU, PONTO FRANC\u00caS, ETC.)<\/p>\n<p><strong>MATERIAL INCLUDED <\/strong><\/p>\n<p>(FABRIC, THREAD, NEEDLE, THIMBLE, FINGERTIP AND TOTBAG)<\/p>\n<p><strong>PLACE<\/strong>: CENTRO C\u00cdVICO DO ESTREITO DE C\u00c2MARA DE LOBOS<\/p>\n<p>Rua C\u00f3nego Agostinho Figueira de Faria, n.\u00ba 6 &#8211; Centro C\u00edvico 9325-024, Estreito de C\u00e2mara de Lobos<\/p>\n<p><strong>Notes:<\/strong><\/p>\n<p>This course is aimed at anyone who wants to learn embroidery techniques on an ongoing basis. The workshop is taught in Portuguese and English.  <\/p>\n<p>The workshop will only take place with a minimum of 5 people registered. If the minimum number is not reached three days before the event, registered participants will be contacted for a refund or exchange of the workshop fee for a shopping voucher. If the class is cancelled for reasons of force majeure, the same procedure will apply.  <\/p>\n<p>Cancellations\/refunds: The registration fee will be refunded to persons who are unable to attend the seminar for any reason and who notify us of their cancellation no later than 2 days beforehand.<\/p>\n\t\t\t\t\t\t\t\t<\/div>\n\t\t\t\t<\/div>\n\t\t\t\t<div class=\"elementor-element elementor-element-d5ab251 elementor-widget elementor-widget-button\" data-id=\"d5ab251\" data-element_type=\"widget\" data-widget_type=\"button.default\">\n\t\t\t\t<div class=\"elementor-widget-container\">\n\t\t\t\t\t\t\t\t\t<div class=\"elementor-button-wrapper\">\n\t\t\t\t\t<a class=\"elementor-button elementor-button-link elementor-size-sm\" href=\"https:\/\/bailha.pt\/categoria-produto\/workshops\/\">\n\t\t\t\t\t\t<span class=\"elementor-button-content-wrapper\">\n\t\t\t\t\t\t\t\t\t<span class=\"elementor-button-text\">See more Madeira embroidery workshops<\/span>\n\t\t\t\t\t<\/span>\n\t\t\t\t\t<\/a>\n\t\t\t\t<\/div>\n\t\t\t\t\t\t\t\t<\/div>\n\t\t\t\t<\/div>\n\t\t\t\t\t<\/div>\n\t\t<\/div>\n\t\t\t\t\t<\/div>\n\t\t<\/section>\n\t\t\t\t<\/div>\n\t\t","protected":false},"excerpt":{"rendered":"<p>Learn the embroidery techniques for the &#8220;villain&#8221; couple.<\/p>\n","protected":false},"featured_media":16503,"comment_status":"closed","ping_status":"closed","template":"","meta":[],"product_brand":[],"product_cat":[237],"product_tag":[317],"giftcard-category":[],"class_list":{"0":"post-16497","1":"product","2":"type-product","3":"status-publish","4":"has-post-thumbnail","6":"product_cat-workshops-en","7":"product_tag-workshop-en","9":"first","10":"instock","11":"shipping-taxable","12":"purchasable","13":"product-type-variable"},"supplier_id":null,"supplier_sku":"","barcode":null,"atum_controlled":true,"out_stock_date":null,"out_stock_threshold":null,"inheritable":true,"inbound_stock":0,"stock_on_hold":0,"sold_today":0,"sales_last_days":0,"reserved_stock":0,"customer_returns":0,"warehouse_damage":0,"lost_in_post":0,"other_logs":0,"out_stock_days":0,"lost_sales":0,"has_location":false,"update_date":"2026-04-19T07:23:13","atum_locations":[],"atum_stock_status":"instock","restock_status":false,"low_stock_amount":"","sales_update_date":"2026-04-19T07:23:13","calc_backorders":null,"_links":{"self":[{"href":"https:\/\/bailha.pt\/en\/wp-json\/wp\/v2\/product\/16497","targetHints":{"allow":["GET"]}}],"collection":[{"href":"https:\/\/bailha.pt\/en\/wp-json\/wp\/v2\/product"}],"about":[{"href":"https:\/\/bailha.pt\/en\/wp-json\/wp\/v2\/types\/product"}],"replies":[{"embeddable":true,"href":"https:\/\/bailha.pt\/en\/wp-json\/wp\/v2\/comments?post=16497"}],"version-history":[{"count":6,"href":"https:\/\/bailha.pt\/en\/wp-json\/wp\/v2\/product\/16497\/revisions"}],"predecessor-version":[{"id":25471,"href":"https:\/\/bailha.pt\/en\/wp-json\/wp\/v2\/product\/16497\/revisions\/25471"}],"wp:featuredmedia":[{"embeddable":true,"href":"https:\/\/bailha.pt\/en\/wp-json\/wp\/v2\/media\/16503"}],"wp:attachment":[{"href":"https:\/\/bailha.pt\/en\/wp-json\/wp\/v2\/media?parent=16497"}],"wp:term":[{"taxonomy":"product_brand","embeddable":true,"href":"https:\/\/bailha.pt\/en\/wp-json\/wp\/v2\/product_brand?post=16497"},{"taxonomy":"product_cat","embeddable":true,"href":"https:\/\/bailha.pt\/en\/wp-json\/wp\/v2\/product_cat?post=16497"},{"taxonomy":"product_tag","embeddable":true,"href":"https:\/\/bailha.pt\/en\/wp-json\/wp\/v2\/product_tag?post=16497"},{"taxonomy":"giftcard-category","embeddable":true,"href":"https:\/\/bailha.pt\/en\/wp-json\/wp\/v2\/giftcard-category?post=16497"}],"curies":[{"name":"wp","href":"https:\/\/api.w.org\/{rel}","templated":true}]}}