{"id":15375,"date":"2025-03-09T12:12:57","date_gmt":"2025-03-09T12:12:57","guid":{"rendered":"https:\/\/bailha.pt\/product\/light-tote-bag-estrelicia-preto-copy\/"},"modified":"2026-02-26T10:54:09","modified_gmt":"2026-02-26T10:54:09","slug":"light-tote-bag-papaia-preto","status":"publish","type":"product","link":"https:\/\/bailha.pt\/en\/product\/light-tote-bag-papaia-preto\/","title":{"rendered":"Light Tote bag Papaia"},"content":{"rendered":"\t\t<div data-elementor-type=\"wp-post\" data-elementor-id=\"15375\" class=\"elementor elementor-15375\" data-elementor-post-type=\"product\">\n\t\t\t\t\t\t<section class=\"elementor-section elementor-top-section elementor-element elementor-element-eaff891 elementor-section-boxed elementor-section-height-default elementor-section-height-default\" data-id=\"eaff891\" data-element_type=\"section\">\n\t\t\t\t\t\t<div class=\"elementor-container elementor-column-gap-no\">\n\t\t\t\t\t<div class=\"elementor-column elementor-col-100 elementor-top-column elementor-element elementor-element-746aa27\" data-id=\"746aa27\" data-element_type=\"column\">\n\t\t\t<div class=\"elementor-widget-wrap elementor-element-populated\">\n\t\t\t\t\t\t<div class=\"elementor-element elementor-element-bb06ba7 elementor-widget elementor-widget-heading\" data-id=\"bb06ba7\" data-element_type=\"widget\" data-widget_type=\"heading.default\">\n\t\t\t\t<div class=\"elementor-widget-container\">\n\t\t\t\t\t<div class=\"elementor-heading-title elementor-size-default\">Informa\u00e7\u00e3o do produto<\/div>\t\t\t\t<\/div>\n\t\t\t\t<\/div>\n\t\t\t\t<div class=\"elementor-element elementor-element-8332d52 elementor-widget__width-initial elementor-widget elementor-widget-text-editor\" data-id=\"8332d52\" data-element_type=\"widget\" data-widget_type=\"text-editor.default\">\n\t\t\t\t<div class=\"elementor-widget-container\">\n\t\t\t\t\t\t\t\t\t<p>Saco de tecido leve 100% algod\u00e3o org\u00e2nico<\/p>\n<p>160 G\/M\u00b2<\/p>\n<p>Borda superior dobrada duas vezes para maior resist\u00eancia e acabamento limpo<\/p>\n<p>Pegas compridas com ponto de cruz refor\u00e7ado<\/p>\n<p dir=\"ltr\" data-placeholder=\"Tradu\u00e7\u00e3o\">Dimens\u00f5es: 37x42cm<\/p>\t\t\t\t\t\t\t\t<\/div>\n\t\t\t\t<\/div>\n\t\t\t\t<section class=\"elementor-section elementor-inner-section elementor-element elementor-element-bf3ab10 elementor-section-boxed elementor-section-height-default elementor-section-height-default\" data-id=\"bf3ab10\" data-element_type=\"section\">\n\t\t\t\t\t\t<div class=\"elementor-container elementor-column-gap-default\">\n\t\t\t\t\t<div class=\"elementor-column elementor-col-50 elementor-inner-column elementor-element elementor-element-6ac67bd\" data-id=\"6ac67bd\" data-element_type=\"column\">\n\t\t\t<div class=\"elementor-widget-wrap\">\n\t\t\t\t\t\t\t<\/div>\n\t\t<\/div>\n\t\t\t\t<div class=\"elementor-column elementor-col-50 elementor-inner-column elementor-element elementor-element-dfa3e4b\" data-id=\"dfa3e4b\" data-element_type=\"column\">\n\t\t\t<div class=\"elementor-widget-wrap\">\n\t\t\t\t\t\t\t<\/div>\n\t\t<\/div>\n\t\t\t\t\t<\/div>\n\t\t<\/section>\n\t\t\t\t\t<\/div>\n\t\t<\/div>\n\t\t\t\t\t<\/div>\n\t\t<\/section>\n\t\t\t\t<\/div>\n\t\t","protected":false},"excerpt":{"rendered":"<p>Madeira \u00e9 o maior produtor nacional de papaia. Parece que esta fruta nasceu connosco, de uma tropicalidade deliciosa, \u00e9 a express\u00e3o das influ\u00eancias da Am\u00e9rica do Sul. Associado a esta fruta est\u00e1 o feminismo.<\/p>\n","protected":false},"featured_media":15377,"comment_status":"closed","ping_status":"closed","template":"","meta":[],"product_brand":[],"product_cat":[7],"product_tag":[],"giftcard-category":[],"class_list":{"0":"post-15375","1":"product","2":"type-product","3":"status-publish","4":"has-post-thumbnail","6":"product_cat-tote-bags","8":"first","9":"instock","10":"shipping-taxable","11":"purchasable","12":"product-type-simple"},"supplier_id":null,"supplier_sku":"","barcode":null,"atum_controlled":true,"out_stock_date":null,"out_stock_threshold":null,"inheritable":false,"inbound_stock":0,"stock_on_hold":0,"sold_today":0,"sales_last_days":0,"reserved_stock":0,"customer_returns":0,"warehouse_damage":0,"lost_in_post":0,"other_logs":0,"out_stock_days":0,"lost_sales":0,"has_location":false,"update_date":"2026-04-19T07:23:20","atum_locations":[],"atum_stock_status":"instock","restock_status":false,"low_stock_amount":"","sales_update_date":"2026-04-19T07:23:20","calc_backorders":null,"_links":{"self":[{"href":"https:\/\/bailha.pt\/en\/wp-json\/wp\/v2\/product\/15375","targetHints":{"allow":["GET"]}}],"collection":[{"href":"https:\/\/bailha.pt\/en\/wp-json\/wp\/v2\/product"}],"about":[{"href":"https:\/\/bailha.pt\/en\/wp-json\/wp\/v2\/types\/product"}],"replies":[{"embeddable":true,"href":"https:\/\/bailha.pt\/en\/wp-json\/wp\/v2\/comments?post=15375"}],"version-history":[{"count":3,"href":"https:\/\/bailha.pt\/en\/wp-json\/wp\/v2\/product\/15375\/revisions"}],"predecessor-version":[{"id":15376,"href":"https:\/\/bailha.pt\/en\/wp-json\/wp\/v2\/product\/15375\/revisions\/15376"}],"wp:featuredmedia":[{"embeddable":true,"href":"https:\/\/bailha.pt\/en\/wp-json\/wp\/v2\/media\/15377"}],"wp:attachment":[{"href":"https:\/\/bailha.pt\/en\/wp-json\/wp\/v2\/media?parent=15375"}],"wp:term":[{"taxonomy":"product_brand","embeddable":true,"href":"https:\/\/bailha.pt\/en\/wp-json\/wp\/v2\/product_brand?post=15375"},{"taxonomy":"product_cat","embeddable":true,"href":"https:\/\/bailha.pt\/en\/wp-json\/wp\/v2\/product_cat?post=15375"},{"taxonomy":"product_tag","embeddable":true,"href":"https:\/\/bailha.pt\/en\/wp-json\/wp\/v2\/product_tag?post=15375"},{"taxonomy":"giftcard-category","embeddable":true,"href":"https:\/\/bailha.pt\/en\/wp-json\/wp\/v2\/giftcard-category?post=15375"}],"curies":[{"name":"wp","href":"https:\/\/api.w.org\/{rel}","templated":true}]}}